{"id":102,"date":"2012-03-27T05:56:19","date_gmt":"2012-03-27T04:56:19","guid":{"rendered":"http:\/\/www.petuh.de\/?page_id=102"},"modified":"2012-03-27T05:56:19","modified_gmt":"2012-03-27T04:56:19","slug":"kontakt","status":"publish","type":"page","link":"https:\/\/www.piprojects.net\/en\/kontakt\/","title":{"rendered":"(Deutsch) Kontakt"},"content":{"rendered":"<p class=\"qtranxs-available-languages-message qtranxs-available-languages-message-en\">Sorry, this entry is only available in <a href=\"https:\/\/www.piprojects.net\/de\/wp-json\/wp\/v2\/pages\/102\" class=\"qtranxs-available-language-link qtranxs-available-language-link-de\" title=\"Deutsch\">Deutsch<\/a>.<\/p><p><\/p>\n<h1>Kontakt<\/h1>\n<div><\/div>\n<div>\n<h4>\u00dcber mich:<\/h4>\n<p><strong>Name:<\/strong> Stefan Tabbert<\/p>\n<p><strong>Geb.:<\/strong> 15.10.1979<\/p>\n<p><strong>E-Mail<\/strong>: stefan.tabbert@gmail.com<\/p>\n<p><strong>Ort:<\/strong> 71636 Ludwigsburg<strong><br \/>\n<\/strong><\/p>\n<h4>DATENSCHUTZ:<\/h4>\n<p>Diese Angaben dienen allein der privaten Kontakt-Aufnahme. Ich widerspreche ihrer Verwendung f\u00fcr Werbezwecke und der Aufnahme in Verzeichnisse aller Art!<\/p>\n<h4>HAFTUNGSHINWEIS:<\/h4>\n<p style=\"text-align: left;\" align=\"center\">Trotz sorgf\u00e4ltiger inhaltlicher Kontrolle \u00fcbernehme ich keine Haftung f\u00fcr die Inhalte externer Links. F\u00fcr den Inhalt der verlinkten Seiten sind ausschlie\u00dflich deren Betreiber verantwortlich. <span style=\"font-family: Arial;\">Alle genannten Marken- und Produktbezeichnungen sind Warenzeichen der entsprechenden Inhaber. Interaktive Beitr\u00e4ge wie Kommentar\/Foreneintr\u00e4ge verbleiben in der Verantwortung der Verfasser.<\/span><\/p>\n<p>&nbsp;<\/p>\n<\/div>\n<p><\/p>","protected":false},"excerpt":{"rendered":"<p>Sorry, this entry is only available in Deutsch. Kontakt \u00dcber mich: Name: Stefan Tabbert Geb.: 15.10.1979 E-Mail: stefan.tabbert@gmail.com Ort: 71636 Ludwigsburg DATENSCHUTZ: Diese Angaben dienen allein der privaten Kontakt-Aufnahme. Ich widerspreche ihrer Verwendung f\u00fcr Werbezwecke und der Aufnahme in Verzeichnisse aller Art! HAFTUNGSHINWEIS: Trotz sorgf\u00e4ltiger inhaltlicher Kontrolle \u00fcbernehme ich keine Haftung f\u00fcr die Inhalte externer [&hellip;]<\/p>\n","protected":false},"author":1,"featured_media":0,"parent":0,"menu_order":0,"comment_status":"closed","ping_status":"closed","template":"","meta":{"jetpack_post_was_ever_published":false,"footnotes":""},"class_list":["post-102","page","type-page","status-publish","hentry"],"wpmagazine_modules_lite_featured_media_urls":{"thumbnail":"","cvmm-medium":"","cvmm-medium-plus":"","cvmm-portrait":"","cvmm-medium-square":"","cvmm-large":"","cvmm-small":"","full":""},"categories_names":null,"comments_number":"0","jetpack_sharing_enabled":false,"jetpack_shortlink":"https:\/\/wp.me\/P5ktuF-1E","jetpack-related-posts":[{"id":534,"url":"https:\/\/www.piprojects.net\/en\/impressum\/","url_meta":{"origin":102,"position":0},"title":"Impressum","author":"Stefan","date":"Wednesday January 14th, 2015","format":false,"excerpt":"Haftungsausschluss 1. Inhalt des Onlineangebotes Der Autor \u00fcbernimmt keinerlei Gew\u00e4hr f\u00fcr die Aktualit\u00e4t, Korrektheit, Vollst\u00e4ndigkeit oder Qualit\u00e4t der bereitgestellten Informationen. Haftungsanspr\u00fcche gegen den Autor, welche sich auf Sch\u00e4den materieller oder ideeller Art beziehen, die durch die Nutzung oder Nichtnutzung der dargebotenen Informationen bzw. durch die Nutzung fehlerhafter und unvollst\u00e4ndiger Informationen\u2026","rel":"","context":"Similar post","block_context":{"text":"Similar post","link":""},"img":{"alt_text":"","src":"","width":0,"height":0},"classes":[]},{"id":1294,"url":"https:\/\/www.piprojects.net\/en\/datenschutzerklaerung\/","url_meta":{"origin":102,"position":1},"title":"(Deutsch) Datenschutzerkl\u00e4rung","author":"Stefan","date":"Friday May 18th, 2018","format":false,"excerpt":"Sorry, this entry is only available in Deutsch.Wer wir sindDie Adresse unserer Website ist: https:\/\/www.piprojects.net.Welche personenbezogenen Daten wir sammeln und warum wir sie sammelnKommentareWenn Besucher Kommentare auf der Website schreiben, sammeln wir die Daten, die im Kommentar-Formular angezeigt werden, au\u00dferdem die IP-Adresse des Besuchers und den User-Agent-String (damit wird der\u2026","rel":"","context":"Similar post","block_context":{"text":"Similar post","link":""},"img":{"alt_text":"","src":"","width":0,"height":0},"classes":[]}],"jetpack_likes_enabled":true,"_links":{"self":[{"href":"https:\/\/www.piprojects.net\/en\/wp-json\/wp\/v2\/pages\/102","targetHints":{"allow":["GET"]}}],"collection":[{"href":"https:\/\/www.piprojects.net\/en\/wp-json\/wp\/v2\/pages"}],"about":[{"href":"https:\/\/www.piprojects.net\/en\/wp-json\/wp\/v2\/types\/page"}],"author":[{"embeddable":true,"href":"https:\/\/www.piprojects.net\/en\/wp-json\/wp\/v2\/users\/1"}],"replies":[{"embeddable":true,"href":"https:\/\/www.piprojects.net\/en\/wp-json\/wp\/v2\/comments?post=102"}],"version-history":[{"count":0,"href":"https:\/\/www.piprojects.net\/en\/wp-json\/wp\/v2\/pages\/102\/revisions"}],"wp:attachment":[{"href":"https:\/\/www.piprojects.net\/en\/wp-json\/wp\/v2\/media?parent=102"}],"curies":[{"name":"wp","href":"https:\/\/api.w.org\/{rel}","templated":true}]}}